{"id":3439,"date":"2024-04-08T14:12:14","date_gmt":"2024-04-08T12:12:14","guid":{"rendered":"https:\/\/gsiplastic.foreach.it\/giornata-dellanimale-domestico\/"},"modified":"2025-08-14T15:40:57","modified_gmt":"2025-08-14T13:40:57","slug":"pet-day","status":"publish","type":"page","link":"https:\/\/gsiplastic.com\/it\/pet-day\/","title":{"rendered":"Pet Day"},"content":{"rendered":"\t\t<div data-elementor-type=\"wp-page\" data-elementor-id=\"3439\" class=\"elementor elementor-3439 elementor-2758\">\n\t\t\t\t\t\t<section class=\"elementor-section elementor-top-section elementor-element elementor-element-52a5940 elementor-section-full_width elementor-section-height-default elementor-section-height-default\" data-id=\"52a5940\" data-element_type=\"section\">\n\t\t\t\t\t\t<div class=\"elementor-container elementor-column-gap-custom\">\n\t\t\t\t\t<div class=\"elementor-column elementor-col-100 elementor-top-column elementor-element elementor-element-a6a1fd8\" data-id=\"a6a1fd8\" data-element_type=\"column\">\n\t\t\t<div class=\"elementor-widget-wrap elementor-element-populated\">\n\t\t\t\t\t\t<div class=\"elementor-element elementor-element-fe49441 elementor-widget elementor-widget-dz-home-slider-5\" data-id=\"fe49441\" data-element_type=\"widget\" data-widget_type=\"dz-home-slider-5.default\">\n\t\t\t\t<div class=\"elementor-widget-container\">\n\t\t\t<div class=\"silder-for\" id=\"HomeSlider4\">\r\n\t<div class=\"swiper-container main-silder-swiper-04\" id=\"DZHomeSliderElement5\">\r\n\t\t<div class=\"swiper-wrapper\">\r\n\t\t\t\t\t\t\r\n\t\t\t\t<div class=\"swiper-slide\">\r\n\t\t\t\t\t\t\t\t\t\t\t<div class=\"silder-img overlay-black-middle\">\r\n\t\t\t\t\t\t\t<video autoplay loop id=\"video-background\" muted>\r\n\t\t\t\t\t\t\t\t <source src=\"https:\/\/gsiplastic.com\/wp-content\/uploads\/2024\/04\/PetDay15sec.movie-1-1.mp4\" type=\"video\/mp4\">\r\n\t\t\t\t\t\t\t<\/video>\r\n\t\t\t\t\t\t<\/div>\r\n\t\t\t\t\t\t\t\t\t\t<div class=\"silder-content\">\r\n\t\t\t\t\t\t<div class=\"inner-content\">\r\n\t\t\t\t\t\t\t\t\t\t\t\t\t\t\t<h1 class=\"title\">\r\n\t\t\t\t\t\t\t\t\tPET DAY\t\t\t\t\t\t\t\t<\/h1>\r\n\t\t\t\t\t\t\t\t\t\t\t\t\t\t\r\n\t\t\t\t\t\t\t\t\t\t\t\t\t<\/div>\r\n\t\t\t\t\t<\/div>\r\n\t\t\t\t<\/div>\r\n\t\t\t\t\t<\/div>\r\n\t\t<div class=\"swiper-pagination-hs4\"><\/div>\r\n\t<\/div>\r\n<\/div>\r\n<script>\r\n\t\t\t jQuery(document).ready(function(){\r\n\t\t\t\tif(jQuery('.elementor-element-edit-mode').length == 0){\r\n\t\t\t\t jQuery('#HomeSlider4').prependTo('header');\r\n\t\t\t\t}\r\n\t\t\t});\r\n\t\t\t<\/script>\t\t<\/div>\n\t\t\t\t<\/div>\n\t\t\t\t\t<\/div>\n\t\t<\/div>\n\t\t\t\t\t<\/div>\n\t\t<\/section>\n\t\t<div class=\"elementor-element elementor-element-482673c e-flex e-con-boxed e-con e-parent\" data-id=\"482673c\" data-element_type=\"container\" data-core-v316-plus=\"true\">\n\t\t\t\t\t<div class=\"e-con-inner\">\n\t\t\t\t<div class=\"elementor-element elementor-element-d04c9d7 elementor-widget elementor-widget-text-editor\" data-id=\"d04c9d7\" data-element_type=\"widget\" data-widget_type=\"text-editor.default\">\n\t\t\t\t<div class=\"elementor-widget-container\">\n\t\t\t<style>\/*! elementor - v3.20.0 - 11-03-2024 *\/\n.elementor-widget-text-editor.elementor-drop-cap-view-stacked .elementor-drop-cap{background-color:#69727d;color:#fff}.elementor-widget-text-editor.elementor-drop-cap-view-framed .elementor-drop-cap{color:#69727d;border:3px solid;background-color:transparent}.elementor-widget-text-editor:not(.elementor-drop-cap-view-default) .elementor-drop-cap{margin-top:8px}.elementor-widget-text-editor:not(.elementor-drop-cap-view-default) .elementor-drop-cap-letter{width:1em;height:1em}.elementor-widget-text-editor .elementor-drop-cap{float:left;text-align:center;line-height:1;font-size:50px}.elementor-widget-text-editor .elementor-drop-cap-letter{display:inline-block}<\/style>\t\t\t\t<p><strong>PET DAY:\u00a0<br \/><\/strong>Dal 2002,\u00a0 PET DAY rappresenta il Club Esclusivo per gli utilizzatori di PET.<\/p><p>La conferenza si svolge nella splendida location di Artimino, presso la Villa Medicea &#8220;La Ferdinanda&#8221; patrimonio UNESCO, nell&#8217;incantevole cornice toscana, arricchita da\u00a0 uliveti e vigneti secolari.<\/p><p><strong>OBIETTIVO:<\/strong><br \/>Grazie al PET DAY \u00e8 possibile accedere alla &#8220;chiave&#8221; per una strategia di successo, acquisendo gli strumenti e le informazioni per poter interpretare correttamente l&#8217;andamento del mercato e prevedere le tendenze dei prezzi del PET.<\/p><p><strong>COSA CI CONTRADDISTINGUE:<\/strong><br \/>la competenza tecnica sull&#8217;intera catena del Poliestere, la conoscenza del Mercato, la professionalit\u00e0 del team e la credibilit\u00e0 ottenuta in decenni di attivit\u00e0 a livello mondiale\u00a0<\/p><p><strong>UN&#8217;OPPORTUNIT\u00c0 UNICA:<\/strong><br \/>la nostra conferenza annuale offre, ai clienti e agli operatori del settore, la possibilit\u00e0 di approfondire le attuali tendenze del mercato delle materie plastiche, discutere dei problemi che stanno influenzando l&#8217;industria e scoprire, insieme ai leader globali, le chiavi per il successo della loro azienda.<\/p><p><strong>CONTATTACI:<\/strong><br \/>se hai bisogno di ulteriori informazioni sull&#8217;evento e per ottenere materiale sugli eventi passati, puoi scriverci all&#8217;indirizzo <a href=\"mailto:info@gsiplastic.com\">florean@gsiplastic.com<\/a>\u00a0<\/p>\t\t\t\t\t\t<\/div>\n\t\t\t\t<\/div>\n\t\t\t\t<div class=\"elementor-element elementor-element-5aab600 elementor-widget elementor-widget-video\" data-id=\"5aab600\" data-element_type=\"widget\" data-settings=\"{&quot;video_type&quot;:&quot;hosted&quot;,&quot;autoplay&quot;:&quot;yes&quot;,&quot;play_on_mobile&quot;:&quot;yes&quot;,&quot;mute&quot;:&quot;yes&quot;,&quot;loop&quot;:&quot;yes&quot;,&quot;controls&quot;:&quot;yes&quot;}\" data-widget_type=\"video.default\">\n\t\t\t\t<div class=\"elementor-widget-container\">\n\t\t\t<style>\/*! elementor - v3.20.0 - 11-03-2024 *\/\n.elementor-widget-video .elementor-widget-container{overflow:hidden;transform:translateZ(0)}.elementor-widget-video .elementor-wrapper{aspect-ratio:var(--video-aspect-ratio)}.elementor-widget-video .elementor-wrapper iframe,.elementor-widget-video .elementor-wrapper video{height:100%;width:100%;display:flex;border:none;background-color:#000}@supports not (aspect-ratio:1\/1){.elementor-widget-video .elementor-wrapper{position:relative;overflow:hidden;height:0;padding-bottom:calc(100% \/ var(--video-aspect-ratio))}.elementor-widget-video .elementor-wrapper iframe,.elementor-widget-video .elementor-wrapper video{position:absolute;top:0;right:0;bottom:0;left:0}}.elementor-widget-video .elementor-open-inline .elementor-custom-embed-image-overlay{position:absolute;top:0;right:0;bottom:0;left:0;background-size:cover;background-position:50%}.elementor-widget-video .elementor-custom-embed-image-overlay{cursor:pointer;text-align:center}.elementor-widget-video .elementor-custom-embed-image-overlay:hover .elementor-custom-embed-play i{opacity:1}.elementor-widget-video .elementor-custom-embed-image-overlay img{display:block;width:100%;aspect-ratio:var(--video-aspect-ratio);-o-object-fit:cover;object-fit:cover;-o-object-position:center center;object-position:center center}@supports not (aspect-ratio:1\/1){.elementor-widget-video .elementor-custom-embed-image-overlay{position:relative;overflow:hidden;height:0;padding-bottom:calc(100% \/ var(--video-aspect-ratio))}.elementor-widget-video .elementor-custom-embed-image-overlay img{position:absolute;top:0;right:0;bottom:0;left:0}}.elementor-widget-video .e-hosted-video .elementor-video{-o-object-fit:cover;object-fit:cover}.e-con-inner>.elementor-widget-video,.e-con>.elementor-widget-video{width:var(--container-widget-width);--flex-grow:var(--container-widget-flex-grow)}<\/style>\t\t<div class=\"e-hosted-video elementor-wrapper elementor-open-inline\">\n\t\t\t\t\t<video class=\"elementor-video\" src=\"https:\/\/gsiplastic.com\/wp-content\/uploads\/2025\/08\/PETDAY2025subtitle.movie_.mp4\" autoplay=\"\" loop=\"\" controls=\"\" muted=\"muted\" playsinline=\"\" controlsList=\"nodownload\"><\/video>\n\t\t\t\t<\/div>\n\t\t\t\t<\/div>\n\t\t\t\t<\/div>\n\t\t\t\t\t<\/div>\n\t\t\t\t<\/div>\n\t\t<div class=\"elementor-element elementor-element-bdeaff2 e-flex e-con-boxed e-con e-parent\" data-id=\"bdeaff2\" data-element_type=\"container\" data-core-v316-plus=\"true\">\n\t\t\t\t\t<div class=\"e-con-inner\">\n\t\t\t\t<div class=\"elementor-element elementor-element-cb24b7d elementor-widget elementor-widget-dz-post-listing-2\" data-id=\"cb24b7d\" data-element_type=\"widget\" data-widget_type=\"dz-post-listing-2.default\">\n\t\t\t\t<div class=\"elementor-widget-container\">\n\t\t\t<!-- Blog -->\r\n<section class=\"content-inner-1\" id=\"DZPostListingElement2\" >\r\n  <div class=\"container\">\r\n        <div class=\"row\">\r\n            <!-- Side bar END -->\r\n      <!-- Left part start -->\r\n      <div class=\"col-xl-12 col-lg-12\" >\r\n        <div  class=\"row\">\r\n        \t\r\n<div id=\"post-5071\" class=\"col-lg-6 no-image-box post-5071 post type-post status-publish format-standard hentry category-conferenze category-pet-day-it category-pet-day-detail-it\">\r\n\t<div class=\"dz-card blog-half style-1 shadow m-b50 aos-item\"  data-aos=\"fade-up\" data-aos-duration=\"1000\" data-aos-delay=\"400\">\r\n\t\t\r\n\t\t \r\n\t\t<div class=\"dz-info\">\r\n\t\t\t<div class=\"dz-meta\">\r\n\t\t\t\t<ul>\r\n\t\t\t\t\t<li class=\"post-date\">\r\n\t\t\t\t\t\t<i class=\"flaticon-calendar\"><\/i>\r\n\t\t\t\t\t\t18 Novembre 2025\t\t\t\t\t<\/li>\r\n\t\t\t\t\t<li class=\"post-user\">\r\n\t\t\t\t\t\t<i class=\"flaticon-user\"><\/i>\r\n\t\t\t\t\t\tBy \r\n\t\t\t\t\t\t<a href=\"https:\/\/gsiplastic.com\/it\/author\/gsiplastic\/\"> \r\n\t\t\t\t\t\t\tgsiplastic\t\t\t\t\t\t<\/a>\r\n\t\t\t\t\t<\/li>\r\n\t\t\t\t<\/ul>\r\n\t\t\t<\/div>\r\n\t\t\t<h3 class=\"dz-title\">\r\n\t\t\t\t<a href=\"https:\/\/gsiplastic.com\/it\/pet-day-2026\/\">\r\n\t\t\t\t\tPet Day 2026\t\t\t\t<\/a>\r\n\t\t\t<\/h3>\r\n\t\t\t<div class=\"dz-post-text text\">\r\n\t\t\t\t<p>\r\n\t\t\t\t\tPartecipa all\u2019edizione 2026: voci autorevoli, confronti di qualit\u00e0 e nuove prospettive per interpretare le sfide del settore\u00a0 \u00a0 \u00a0 \u00a0.\t\t\t\t<\/p>\r\n\t\t\t<\/div>\r\n\t\t\t<a href=\"https:\/\/gsiplastic.com\/it\/pet-day-2026\/\" class=\"btn-link\">READ MORE <i class=\"flaticon-right-arrow\"><\/i>\t<\/a>\r\n\t\t<\/div>\r\n\t<\/div>\r\n<\/div>\r\n\t\t\r\n<div id=\"post-4831\" class=\"col-lg-6 no-image-box post-4831 post type-post status-publish format-standard hentry category-pet-day-it\">\r\n\t<div class=\"dz-card blog-half style-1 shadow m-b50 aos-item\"  data-aos=\"fade-up\" data-aos-duration=\"1000\" data-aos-delay=\"600\">\r\n\t\t\r\n\t\t \r\n\t\t<div class=\"dz-info\">\r\n\t\t\t<div class=\"dz-meta\">\r\n\t\t\t\t<ul>\r\n\t\t\t\t\t<li class=\"post-date\">\r\n\t\t\t\t\t\t<i class=\"flaticon-calendar\"><\/i>\r\n\t\t\t\t\t\t24 Giugno 2025\t\t\t\t\t<\/li>\r\n\t\t\t\t\t<li class=\"post-user\">\r\n\t\t\t\t\t\t<i class=\"flaticon-user\"><\/i>\r\n\t\t\t\t\t\tBy \r\n\t\t\t\t\t\t<a href=\"https:\/\/gsiplastic.com\/it\/author\/gsiplastic\/\"> \r\n\t\t\t\t\t\t\tgsiplastic\t\t\t\t\t\t<\/a>\r\n\t\t\t\t\t<\/li>\r\n\t\t\t\t<\/ul>\r\n\t\t\t<\/div>\r\n\t\t\t<h3 class=\"dz-title\">\r\n\t\t\t\t<a href=\"https:\/\/gsiplastic.com\/it\/pet-day-2025\/\">\r\n\t\t\t\t\tPet Day 2025\t\t\t\t<\/a>\r\n\t\t\t<\/h3>\r\n\t\t\t<div class=\"dz-post-text text\">\r\n\t\t\t\t<p>\r\n\t\t\t\t\tL\u2019edizione 2025 \u00a0ha offerto spunti preziosi, relatori esperti, discussioni mirate e un programma coinvolgente e ben strutturato\u00a0 \u00a0 \u00a0 \u00a0.\t\t\t\t<\/p>\r\n\t\t\t<\/div>\r\n\t\t\t<a href=\"https:\/\/gsiplastic.com\/it\/pet-day-2025\/\" class=\"btn-link\">READ MORE <i class=\"flaticon-right-arrow\"><\/i>\t<\/a>\r\n\t\t<\/div>\r\n\t<\/div>\r\n<\/div>\r\n\t        <\/div>\r\n\t\t\r\n\t\t        <!-- Side bar END -->\r\n      \t\t\t<\/div>\r\n          <\/div>\r\n  <\/div>\r\n<\/section>\r\n\t\t<\/div>\n\t\t\t\t<\/div>\n\t\t\t\t\t<\/div>\n\t\t\t\t<\/div>\n\t\t\t\t<\/div>\n\t\t","protected":false},"excerpt":{"rendered":"<p>PET DAY PET DAY:\u00a0Dal 2002,\u00a0 PET DAY rappresenta il Club Esclusivo per gli utilizzatori di PET. La conferenza si svolge nella splendida location di Artimino, presso la Villa Medicea &#8220;La Ferdinanda&#8221; patrimonio UNESCO, nell&#8217;incantevole cornice toscana, arricchita da\u00a0 uliveti e vigneti secolari. OBIETTIVO:Grazie al PET DAY \u00e8 possibile accedere alla &#8220;chiave&#8221; per una strategia di <\/p>\n","protected":false},"author":1,"featured_media":0,"parent":0,"menu_order":0,"comment_status":"closed","ping_status":"closed","template":"mazo_homepage.php","meta":{"footnotes":""},"class_list":["post-3439","page","type-page","status-publish","hentry"],"yoast_head":"<!-- This site is optimized with the Yoast SEO plugin v22.2 - https:\/\/yoast.com\/wordpress\/plugins\/seo\/ -->\n<title>Pet Day - GSI Global Service International srl<\/title>\n<meta name=\"description\" content=\"PET DAY 2024: Gioved\u00ec 3 ottobre 2024, si svolger\u00e0 l&#039;evento annuale che, dal 2003, rappresenta il Club Esclusivo per gli utilizzatori di PET.La conferenza si svolger\u00e0 nella splendida location di Artimino, Villa Medicea &quot;La Ferdinanda&quot; patrimonio UNESCO, nell&#039;incantevole cornice toscana, arricchita da uliveti e vigneti secolari.\" \/>\n<meta name=\"robots\" content=\"index, follow, max-snippet:-1, max-image-preview:large, max-video-preview:-1\" \/>\n<link rel=\"canonical\" href=\"https:\/\/gsiplastic.com\/pet-day\/\" \/>\n<meta property=\"og:locale\" content=\"it_IT\" \/>\n<meta property=\"og:type\" content=\"article\" \/>\n<meta property=\"og:title\" content=\"Pet Day - GSI Global Service International srl\" \/>\n<meta property=\"og:description\" content=\"PET DAY 2024: Gioved\u00ec 3 ottobre 2024, si svolger\u00e0 l&#039;evento annuale che, dal 2003, rappresenta il Club Esclusivo per gli utilizzatori di PET.La conferenza si svolger\u00e0 nella splendida location di Artimino, Villa Medicea &quot;La Ferdinanda&quot; patrimonio UNESCO, nell&#039;incantevole cornice toscana, arricchita da uliveti e vigneti secolari.\" \/>\n<meta property=\"og:url\" content=\"https:\/\/gsiplastic.com\/pet-day\/\" \/>\n<meta property=\"og:site_name\" content=\"GSI Global Service International srl\" \/>\n<meta property=\"article:modified_time\" content=\"2025-08-14T13:40:57+00:00\" \/>\n<meta name=\"twitter:card\" content=\"summary_large_image\" \/>\n<meta name=\"twitter:label1\" content=\"Tempo di lettura stimato\" \/>\n\t<meta name=\"twitter:data1\" content=\"2 minuti\" \/>\n<script type=\"application\/ld+json\" class=\"yoast-schema-graph\">{\"@context\":\"https:\/\/schema.org\",\"@graph\":[{\"@type\":\"WebPage\",\"@id\":\"https:\/\/gsiplastic.com\/pet-day\/\",\"url\":\"https:\/\/gsiplastic.com\/pet-day\/\",\"name\":\"Pet Day - GSI Global Service International srl\",\"isPartOf\":{\"@id\":\"https:\/\/gsiplastic.com\/#website\"},\"datePublished\":\"2024-04-08T12:12:14+00:00\",\"dateModified\":\"2025-08-14T13:40:57+00:00\",\"description\":\"PET DAY 2024: Gioved\u00ec 3 ottobre 2024, si svolger\u00e0 l'evento annuale che, dal 2003, rappresenta il Club Esclusivo per gli utilizzatori di PET.La conferenza si svolger\u00e0 nella splendida location di Artimino, Villa Medicea \\\"La Ferdinanda\\\" patrimonio UNESCO, nell'incantevole cornice toscana, arricchita da uliveti e vigneti secolari.\",\"breadcrumb\":{\"@id\":\"https:\/\/gsiplastic.com\/pet-day\/#breadcrumb\"},\"inLanguage\":\"it-IT\",\"potentialAction\":[{\"@type\":\"ReadAction\",\"target\":[\"https:\/\/gsiplastic.com\/pet-day\/\"]}]},{\"@type\":\"BreadcrumbList\",\"@id\":\"https:\/\/gsiplastic.com\/pet-day\/#breadcrumb\",\"itemListElement\":[{\"@type\":\"ListItem\",\"position\":1,\"name\":\"Home\",\"item\":\"https:\/\/gsiplastic.com\/it\/\"},{\"@type\":\"ListItem\",\"position\":2,\"name\":\"Pet Day\"}]},{\"@type\":\"WebSite\",\"@id\":\"https:\/\/gsiplastic.com\/#website\",\"url\":\"https:\/\/gsiplastic.com\/\",\"name\":\"GSI Global Service International srl\",\"description\":\"\",\"publisher\":{\"@id\":\"https:\/\/gsiplastic.com\/#organization\"},\"potentialAction\":[{\"@type\":\"SearchAction\",\"target\":{\"@type\":\"EntryPoint\",\"urlTemplate\":\"https:\/\/gsiplastic.com\/?s={search_term_string}\"},\"query-input\":\"required name=search_term_string\"}],\"inLanguage\":\"it-IT\"},{\"@type\":\"Organization\",\"@id\":\"https:\/\/gsiplastic.com\/#organization\",\"name\":\"GSI Global Service International srl\",\"url\":\"https:\/\/gsiplastic.com\/\",\"logo\":{\"@type\":\"ImageObject\",\"inLanguage\":\"it-IT\",\"@id\":\"https:\/\/gsiplastic.com\/#\/schema\/logo\/image\/\",\"url\":\"https:\/\/gsiplastic.com\/wp-content\/uploads\/2024\/03\/final_GSI_globe_blank-1.png\",\"contentUrl\":\"https:\/\/gsiplastic.com\/wp-content\/uploads\/2024\/03\/final_GSI_globe_blank-1.png\",\"width\":4584,\"height\":652,\"caption\":\"GSI Global Service International srl\"},\"image\":{\"@id\":\"https:\/\/gsiplastic.com\/#\/schema\/logo\/image\/\"}}]}<\/script>\n<!-- \/ Yoast SEO plugin. -->","yoast_head_json":{"title":"Pet Day - GSI Global Service International srl","description":"PET DAY 2024: Gioved\u00ec 3 ottobre 2024, si svolger\u00e0 l'evento annuale che, dal 2003, rappresenta il Club Esclusivo per gli utilizzatori di PET.La conferenza si svolger\u00e0 nella splendida location di Artimino, Villa Medicea \"La Ferdinanda\" patrimonio UNESCO, nell'incantevole cornice toscana, arricchita da uliveti e vigneti secolari.","robots":{"index":"index","follow":"follow","max-snippet":"max-snippet:-1","max-image-preview":"max-image-preview:large","max-video-preview":"max-video-preview:-1"},"canonical":"https:\/\/gsiplastic.com\/pet-day\/","og_locale":"it_IT","og_type":"article","og_title":"Pet Day - GSI Global Service International srl","og_description":"PET DAY 2024: Gioved\u00ec 3 ottobre 2024, si svolger\u00e0 l'evento annuale che, dal 2003, rappresenta il Club Esclusivo per gli utilizzatori di PET.La conferenza si svolger\u00e0 nella splendida location di Artimino, Villa Medicea \"La Ferdinanda\" patrimonio UNESCO, nell'incantevole cornice toscana, arricchita da uliveti e vigneti secolari.","og_url":"https:\/\/gsiplastic.com\/pet-day\/","og_site_name":"GSI Global Service International srl","article_modified_time":"2025-08-14T13:40:57+00:00","twitter_card":"summary_large_image","twitter_misc":{"Tempo di lettura stimato":"2 minuti"},"schema":{"@context":"https:\/\/schema.org","@graph":[{"@type":"WebPage","@id":"https:\/\/gsiplastic.com\/pet-day\/","url":"https:\/\/gsiplastic.com\/pet-day\/","name":"Pet Day - GSI Global Service International srl","isPartOf":{"@id":"https:\/\/gsiplastic.com\/#website"},"datePublished":"2024-04-08T12:12:14+00:00","dateModified":"2025-08-14T13:40:57+00:00","description":"PET DAY 2024: Gioved\u00ec 3 ottobre 2024, si svolger\u00e0 l'evento annuale che, dal 2003, rappresenta il Club Esclusivo per gli utilizzatori di PET.La conferenza si svolger\u00e0 nella splendida location di Artimino, Villa Medicea \"La Ferdinanda\" patrimonio UNESCO, nell'incantevole cornice toscana, arricchita da uliveti e vigneti secolari.","breadcrumb":{"@id":"https:\/\/gsiplastic.com\/pet-day\/#breadcrumb"},"inLanguage":"it-IT","potentialAction":[{"@type":"ReadAction","target":["https:\/\/gsiplastic.com\/pet-day\/"]}]},{"@type":"BreadcrumbList","@id":"https:\/\/gsiplastic.com\/pet-day\/#breadcrumb","itemListElement":[{"@type":"ListItem","position":1,"name":"Home","item":"https:\/\/gsiplastic.com\/it\/"},{"@type":"ListItem","position":2,"name":"Pet Day"}]},{"@type":"WebSite","@id":"https:\/\/gsiplastic.com\/#website","url":"https:\/\/gsiplastic.com\/","name":"GSI Global Service International srl","description":"","publisher":{"@id":"https:\/\/gsiplastic.com\/#organization"},"potentialAction":[{"@type":"SearchAction","target":{"@type":"EntryPoint","urlTemplate":"https:\/\/gsiplastic.com\/?s={search_term_string}"},"query-input":"required name=search_term_string"}],"inLanguage":"it-IT"},{"@type":"Organization","@id":"https:\/\/gsiplastic.com\/#organization","name":"GSI Global Service International srl","url":"https:\/\/gsiplastic.com\/","logo":{"@type":"ImageObject","inLanguage":"it-IT","@id":"https:\/\/gsiplastic.com\/#\/schema\/logo\/image\/","url":"https:\/\/gsiplastic.com\/wp-content\/uploads\/2024\/03\/final_GSI_globe_blank-1.png","contentUrl":"https:\/\/gsiplastic.com\/wp-content\/uploads\/2024\/03\/final_GSI_globe_blank-1.png","width":4584,"height":652,"caption":"GSI Global Service International srl"},"image":{"@id":"https:\/\/gsiplastic.com\/#\/schema\/logo\/image\/"}}]}},"_links":{"self":[{"href":"https:\/\/gsiplastic.com\/it\/wp-json\/wp\/v2\/pages\/3439","targetHints":{"allow":["GET"]}}],"collection":[{"href":"https:\/\/gsiplastic.com\/it\/wp-json\/wp\/v2\/pages"}],"about":[{"href":"https:\/\/gsiplastic.com\/it\/wp-json\/wp\/v2\/types\/page"}],"author":[{"embeddable":true,"href":"https:\/\/gsiplastic.com\/it\/wp-json\/wp\/v2\/users\/1"}],"replies":[{"embeddable":true,"href":"https:\/\/gsiplastic.com\/it\/wp-json\/wp\/v2\/comments?post=3439"}],"version-history":[{"count":32,"href":"https:\/\/gsiplastic.com\/it\/wp-json\/wp\/v2\/pages\/3439\/revisions"}],"predecessor-version":[{"id":4881,"href":"https:\/\/gsiplastic.com\/it\/wp-json\/wp\/v2\/pages\/3439\/revisions\/4881"}],"wp:attachment":[{"href":"https:\/\/gsiplastic.com\/it\/wp-json\/wp\/v2\/media?parent=3439"}],"curies":[{"name":"wp","href":"https:\/\/api.w.org\/{rel}","templated":true}]}}