{"id":3437,"date":"2024-04-09T10:06:56","date_gmt":"2024-04-09T08:06:56","guid":{"rendered":"https:\/\/gsiplastic.foreach.it\/economia-circolare\/"},"modified":"2024-06-21T16:18:02","modified_gmt":"2024-06-21T14:18:02","slug":"economia-circolare","status":"publish","type":"page","link":"https:\/\/gsiplastic.com\/it\/economia-circolare\/","title":{"rendered":"Economia circolare"},"content":{"rendered":"\t\t<div data-elementor-type=\"wp-page\" data-elementor-id=\"3437\" class=\"elementor elementor-3437 elementor-2922\">\n\t\t\t\t\t\t<section class=\"elementor-section elementor-top-section elementor-element elementor-element-52a5940 elementor-section-full_width elementor-section-height-default elementor-section-height-default\" data-id=\"52a5940\" data-element_type=\"section\">\n\t\t\t\t\t\t<div class=\"elementor-container elementor-column-gap-custom\">\n\t\t\t\t\t<div class=\"elementor-column elementor-col-100 elementor-top-column elementor-element elementor-element-a6a1fd8\" data-id=\"a6a1fd8\" data-element_type=\"column\">\n\t\t\t<div class=\"elementor-widget-wrap elementor-element-populated\">\n\t\t\t\t\t\t<div class=\"elementor-element elementor-element-fe49441 elementor-widget elementor-widget-dz-home-slider-5\" data-id=\"fe49441\" data-element_type=\"widget\" data-widget_type=\"dz-home-slider-5.default\">\n\t\t\t\t<div class=\"elementor-widget-container\">\n\t\t\t<div class=\"silder-for\" id=\"HomeSlider4\">\r\n\t<div class=\"swiper-container main-silder-swiper-04\" id=\"DZHomeSliderElement5\">\r\n\t\t<div class=\"swiper-wrapper\">\r\n\t\t\t\t\t\t\r\n\t\t\t\t<div class=\"swiper-slide\">\r\n\t\t\t\t\t\t\t\t\t\t\t<div class=\"silder-img overlay-black-middle\">\r\n\t\t\t\t\t\t\t<video autoplay loop id=\"video-background\" muted>\r\n\t\t\t\t\t\t\t\t <source src=\"https:\/\/gsiplastic.com\/wp-content\/uploads\/2024\/04\/EconomiaCircolare-1.mp4\" type=\"video\/mp4\">\r\n\t\t\t\t\t\t\t<\/video>\r\n\t\t\t\t\t\t<\/div>\r\n\t\t\t\t\t\t\t\t\t\t<div class=\"silder-content\">\r\n\t\t\t\t\t\t<div class=\"inner-content\">\r\n\t\t\t\t\t\t\t\t\t\t\t\t\t\t\t<h1 class=\"title\">\r\n\t\t\t\t\t\t\t\t\tECONOMIA CIRCOLARE\t\t\t\t\t\t\t\t<\/h1>\r\n\t\t\t\t\t\t\t\t\t\t\t\t\t\t\r\n\t\t\t\t\t\t\t\t\t\t\t\t\t<\/div>\r\n\t\t\t\t\t<\/div>\r\n\t\t\t\t<\/div>\r\n\t\t\t\t\t<\/div>\r\n\t\t<div class=\"swiper-pagination-hs4\"><\/div>\r\n\t<\/div>\r\n<\/div>\r\n<script>\r\n\t\t\t jQuery(document).ready(function(){\r\n\t\t\t\tif(jQuery('.elementor-element-edit-mode').length == 0){\r\n\t\t\t\t jQuery('#HomeSlider4').prependTo('header');\r\n\t\t\t\t}\r\n\t\t\t});\r\n\t\t\t<\/script>\t\t<\/div>\n\t\t\t\t<\/div>\n\t\t\t\t\t<\/div>\n\t\t<\/div>\n\t\t\t\t\t<\/div>\n\t\t<\/section>\n\t\t<div class=\"elementor-element elementor-element-f4d638e e-flex e-con-boxed e-con e-parent\" data-id=\"f4d638e\" data-element_type=\"container\" data-core-v316-plus=\"true\">\n\t\t\t\t\t<div class=\"e-con-inner\">\n\t\t\t\t<div class=\"elementor-element elementor-element-a18b78c elementor-widget elementor-widget-spacer\" data-id=\"a18b78c\" data-element_type=\"widget\" data-widget_type=\"spacer.default\">\n\t\t\t\t<div class=\"elementor-widget-container\">\n\t\t\t<style>\/*! elementor - v3.20.0 - 11-03-2024 *\/\n.elementor-column .elementor-spacer-inner{height:var(--spacer-size)}.e-con{--container-widget-width:100%}.e-con-inner>.elementor-widget-spacer,.e-con>.elementor-widget-spacer{width:var(--container-widget-width,var(--spacer-size));--align-self:var(--container-widget-align-self,initial);--flex-shrink:0}.e-con-inner>.elementor-widget-spacer>.elementor-widget-container,.e-con>.elementor-widget-spacer>.elementor-widget-container{height:100%;width:100%}.e-con-inner>.elementor-widget-spacer>.elementor-widget-container>.elementor-spacer,.e-con>.elementor-widget-spacer>.elementor-widget-container>.elementor-spacer{height:100%}.e-con-inner>.elementor-widget-spacer>.elementor-widget-container>.elementor-spacer>.elementor-spacer-inner,.e-con>.elementor-widget-spacer>.elementor-widget-container>.elementor-spacer>.elementor-spacer-inner{height:var(--container-widget-height,var(--spacer-size))}.e-con-inner>.elementor-widget-spacer.elementor-widget-empty,.e-con>.elementor-widget-spacer.elementor-widget-empty{position:relative;min-height:22px;min-width:22px}.e-con-inner>.elementor-widget-spacer.elementor-widget-empty .elementor-widget-empty-icon,.e-con>.elementor-widget-spacer.elementor-widget-empty .elementor-widget-empty-icon{position:absolute;top:0;bottom:0;left:0;right:0;margin:auto;padding:0;width:22px;height:22px}<\/style>\t\t<div class=\"elementor-spacer\">\n\t\t\t<div class=\"elementor-spacer-inner\"><\/div>\n\t\t<\/div>\n\t\t\t\t<\/div>\n\t\t\t\t<\/div>\n\t\t\t\t<div class=\"elementor-element elementor-element-e74dc81 elementor-widget elementor-widget-text-editor\" data-id=\"e74dc81\" data-element_type=\"widget\" data-widget_type=\"text-editor.default\">\n\t\t\t\t<div class=\"elementor-widget-container\">\n\t\t\t<style>\/*! elementor - v3.20.0 - 11-03-2024 *\/\n.elementor-widget-text-editor.elementor-drop-cap-view-stacked .elementor-drop-cap{background-color:#69727d;color:#fff}.elementor-widget-text-editor.elementor-drop-cap-view-framed .elementor-drop-cap{color:#69727d;border:3px solid;background-color:transparent}.elementor-widget-text-editor:not(.elementor-drop-cap-view-default) .elementor-drop-cap{margin-top:8px}.elementor-widget-text-editor:not(.elementor-drop-cap-view-default) .elementor-drop-cap-letter{width:1em;height:1em}.elementor-widget-text-editor .elementor-drop-cap{float:left;text-align:center;line-height:1;font-size:50px}.elementor-widget-text-editor .elementor-drop-cap-letter{display:inline-block}<\/style>\t\t\t\t<p><span style=\"font-size: 11.5pt; font-family: Aptos, sans-serif;\">L&#8217;economia circolare \u00e8 un modello virtuoso di produzione e consumo che implica il riutilizzo, la riparazione, il ricondizionamento ed il riciclo dei materiali e prodotti esistenti, il pi\u00f9 a lungo possibile. In questo modo si estende il ciclo di vita dei prodotti, contribuendo a ridurre i rifiuti al minimo e soprattutto si valorizza una risorsa che alternativamente andrebbe scartata ed incenerita.<\/span><\/p>\t\t\t\t\t\t<\/div>\n\t\t\t\t<\/div>\n\t\t\t\t\t<\/div>\n\t\t\t\t<\/div>\n\t\t<div class=\"elementor-element elementor-element-5eed15e e-grid e-con-boxed e-con e-parent\" data-id=\"5eed15e\" data-element_type=\"container\" data-core-v316-plus=\"true\">\n\t\t\t\t\t<div class=\"e-con-inner\">\n\t\t\t\t<div class=\"elementor-element elementor-element-12f6880 elementor-widget elementor-widget-image\" data-id=\"12f6880\" data-element_type=\"widget\" data-widget_type=\"image.default\">\n\t\t\t\t<div class=\"elementor-widget-container\">\n\t\t\t<style>\/*! elementor - v3.20.0 - 11-03-2024 *\/\n.elementor-widget-image{text-align:center}.elementor-widget-image a{display:inline-block}.elementor-widget-image a img[src$=\".svg\"]{width:48px}.elementor-widget-image img{vertical-align:middle;display:inline-block}<\/style>\t\t\t\t\t\t\t\t\t\t<img fetchpriority=\"high\" decoding=\"async\" width=\"2199\" height=\"2252\" src=\"https:\/\/gsiplastic.com\/wp-content\/uploads\/2024\/06\/CircularEconomy.png\" class=\"attachment-full size-full wp-image-3773\" alt=\"\" srcset=\"https:\/\/gsiplastic.com\/wp-content\/uploads\/2024\/06\/CircularEconomy.png 2199w, https:\/\/gsiplastic.com\/wp-content\/uploads\/2024\/06\/CircularEconomy-768x787.png 768w, https:\/\/gsiplastic.com\/wp-content\/uploads\/2024\/06\/CircularEconomy-1500x1536.png 1500w, https:\/\/gsiplastic.com\/wp-content\/uploads\/2024\/06\/CircularEconomy-2000x2048.png 2000w, https:\/\/gsiplastic.com\/wp-content\/uploads\/2024\/06\/CircularEconomy-600x614.png 600w, https:\/\/gsiplastic.com\/wp-content\/uploads\/2024\/06\/CircularEconomy-293x300.png 293w, https:\/\/gsiplastic.com\/wp-content\/uploads\/2024\/06\/CircularEconomy-50x50.png 50w\" sizes=\"(max-width: 2199px) 100vw, 2199px\" \/>\t\t\t\t\t\t\t\t\t\t\t\t\t<\/div>\n\t\t\t\t<\/div>\n\t\t\t\t<div class=\"elementor-element elementor-element-0901a8a elementor-widget elementor-widget-text-editor\" data-id=\"0901a8a\" data-element_type=\"widget\" data-widget_type=\"text-editor.default\">\n\t\t\t\t<div class=\"elementor-widget-container\">\n\t\t\t\t\t\t\t<p style=\"margin-top: 0cm; background-image: initial; background-position: initial; background-size: initial; background-repeat: initial; background-attachment: initial; background-origin: initial; background-clip: initial;\"><b><span style=\"font-size: 11.5pt; \">Il PET riciclato<\/span><\/b><span style=\"font-size: 11.5pt; font-family: Aptos, sans-serif;\"> \u00e8 un esempio chiaro di come un rifiuto possa essere valorizzato e possa trovare un&#8217;applicazione di seconda vita. Sappiamo che la plastica \u00e8 uno dei materiali pi\u00f9 utilizzati e diffusi al mondo, ma la sua estrema durata e resistenza alla biodegradabilit\u00e0 rende indispensabile gestirne lo smaltimento in maniera corretta, una volta giunta alla fine della sua vita utile. Il riciclo dei rifiuti plastici \u00e8 diventato, quindi, un tema di grande attualit\u00e0, sia in termini economici che di sostenibilit\u00e0 ambientale, tanto \u00e8 vero che l&#8217;unione Europea ha definito chiari obiettivi di riutilizzo, riciclo e raccolta dei rifiuti (ad esempio il 90% di bottiglie in PET entro il 2029 per la SUP).<\/span><\/p>\n<p style=\"margin-top: 0cm; background-image: initial; background-position: initial; background-size: initial; background-repeat: initial; background-attachment: initial; background-origin: initial; background-clip: initial;\"><span style=\"font-size: 11.5pt; font-family: Aptos, sans-serif;\">Riciclare la plastica porta notevoli benefici all&#8217;ambiente perch\u00e9 rende possibile la creazione di nuovi oggetti in plastica riciclata di alta qualit\u00e0. Il PET riciclato \u00e8 destinato a diventare sempre pi\u00f9 importante per i volumi, anche nelle applicazioni alimentari. L&#8217;Unione Europea, ad esempio, ha introdotto nuove norme che stabiliscono che <b>le bottiglie per bevande dovranno contenere il 25% di contenuto PET riciclato entro il 2025, ed il 30% entro il 2030<\/b>. <\/span><\/p>\n<strong>GSI, con la sua divisione RPET, \u00e8 in grado di far fronte alla crescente domanda di materiale riciclato, con professionalit\u00e0 e competenza, garantendo la continua disponibilit\u00e0 di RPET in granuli o scaglie certificate, in linea con le richieste dei clienti.<\/strong>\t\t\t\t\t\t<\/div>\n\t\t\t\t<\/div>\n\t\t\t\t\t<\/div>\n\t\t\t\t<\/div>\n\t\t\t\t<\/div>\n\t\t","protected":false},"excerpt":{"rendered":"<p>ECONOMIA CIRCOLARE L&#8217;economia circolare \u00e8 un modello virtuoso di produzione e consumo che implica il riutilizzo, la riparazione, il ricondizionamento ed il riciclo dei materiali e prodotti esistenti, il pi\u00f9 a lungo possibile. In questo modo si estende il ciclo di vita dei prodotti, contribuendo a ridurre i rifiuti al minimo e soprattutto si valorizza <\/p>\n","protected":false},"author":1,"featured_media":0,"parent":0,"menu_order":0,"comment_status":"closed","ping_status":"closed","template":"mazo_homepage.php","meta":{"footnotes":""},"class_list":["post-3437","page","type-page","status-publish","hentry"],"yoast_head":"<!-- This site is optimized with the Yoast SEO plugin v22.2 - https:\/\/yoast.com\/wordpress\/plugins\/seo\/ -->\n<title>Economia circolare - GSI Global Service International srl<\/title>\n<meta name=\"description\" content=\"L&#039;economia circolare \u00e8 un modello virtuoso di produzione e consumo che implica il riutilizzo, la riparazione, il ricondizionamento ed il riciclo dei materiali e prodotti esistenti, il pi\u00f9 a lungo possibile. In questo modo si estende il ciclo di vita dei prodotti, contribuendo a ridurre i rifiuti al minimo e soprattutto si valorizza una risorsa che alternativamente andrebbe scartata ed incenerita.\" \/>\n<meta name=\"robots\" content=\"index, follow, max-snippet:-1, max-image-preview:large, max-video-preview:-1\" \/>\n<link rel=\"canonical\" href=\"https:\/\/gsiplastic.com\/it\/economia-circolare\/\" \/>\n<meta property=\"og:locale\" content=\"it_IT\" \/>\n<meta property=\"og:type\" content=\"article\" \/>\n<meta property=\"og:title\" content=\"Economia circolare - GSI Global Service International srl\" \/>\n<meta property=\"og:description\" content=\"L&#039;economia circolare \u00e8 un modello virtuoso di produzione e consumo che implica il riutilizzo, la riparazione, il ricondizionamento ed il riciclo dei materiali e prodotti esistenti, il pi\u00f9 a lungo possibile. In questo modo si estende il ciclo di vita dei prodotti, contribuendo a ridurre i rifiuti al minimo e soprattutto si valorizza una risorsa che alternativamente andrebbe scartata ed incenerita.\" \/>\n<meta property=\"og:url\" content=\"https:\/\/gsiplastic.com\/it\/economia-circolare\/\" \/>\n<meta property=\"og:site_name\" content=\"GSI Global Service International srl\" \/>\n<meta property=\"article:modified_time\" content=\"2024-06-21T14:18:02+00:00\" \/>\n<meta property=\"og:image\" content=\"https:\/\/gsiplastic.com\/wp-content\/uploads\/2024\/06\/CircularEconomy.png\" \/>\n<meta name=\"twitter:card\" content=\"summary_large_image\" \/>\n<meta name=\"twitter:label1\" content=\"Tempo di lettura stimato\" \/>\n\t<meta name=\"twitter:data1\" content=\"2 minuti\" \/>\n<script type=\"application\/ld+json\" class=\"yoast-schema-graph\">{\"@context\":\"https:\/\/schema.org\",\"@graph\":[{\"@type\":\"WebPage\",\"@id\":\"https:\/\/gsiplastic.com\/it\/economia-circolare\/\",\"url\":\"https:\/\/gsiplastic.com\/it\/economia-circolare\/\",\"name\":\"Economia circolare - GSI Global Service International srl\",\"isPartOf\":{\"@id\":\"https:\/\/gsiplastic.com\/#website\"},\"primaryImageOfPage\":{\"@id\":\"https:\/\/gsiplastic.com\/it\/economia-circolare\/#primaryimage\"},\"image\":{\"@id\":\"https:\/\/gsiplastic.com\/it\/economia-circolare\/#primaryimage\"},\"thumbnailUrl\":\"https:\/\/gsiplastic.com\/wp-content\/uploads\/2024\/06\/CircularEconomy.png\",\"datePublished\":\"2024-04-09T08:06:56+00:00\",\"dateModified\":\"2024-06-21T14:18:02+00:00\",\"description\":\"L'economia circolare \u00e8 un modello virtuoso di produzione e consumo che implica il riutilizzo, la riparazione, il ricondizionamento ed il riciclo dei materiali e prodotti esistenti, il pi\u00f9 a lungo possibile. In questo modo si estende il ciclo di vita dei prodotti, contribuendo a ridurre i rifiuti al minimo e soprattutto si valorizza una risorsa che alternativamente andrebbe scartata ed incenerita.\",\"breadcrumb\":{\"@id\":\"https:\/\/gsiplastic.com\/it\/economia-circolare\/#breadcrumb\"},\"inLanguage\":\"it-IT\",\"potentialAction\":[{\"@type\":\"ReadAction\",\"target\":[\"https:\/\/gsiplastic.com\/it\/economia-circolare\/\"]}]},{\"@type\":\"ImageObject\",\"inLanguage\":\"it-IT\",\"@id\":\"https:\/\/gsiplastic.com\/it\/economia-circolare\/#primaryimage\",\"url\":\"https:\/\/gsiplastic.com\/wp-content\/uploads\/2024\/06\/CircularEconomy.png\",\"contentUrl\":\"https:\/\/gsiplastic.com\/wp-content\/uploads\/2024\/06\/CircularEconomy.png\",\"width\":2199,\"height\":2252},{\"@type\":\"BreadcrumbList\",\"@id\":\"https:\/\/gsiplastic.com\/it\/economia-circolare\/#breadcrumb\",\"itemListElement\":[{\"@type\":\"ListItem\",\"position\":1,\"name\":\"Home\",\"item\":\"https:\/\/gsiplastic.com\/it\/\"},{\"@type\":\"ListItem\",\"position\":2,\"name\":\"Economia circolare\"}]},{\"@type\":\"WebSite\",\"@id\":\"https:\/\/gsiplastic.com\/#website\",\"url\":\"https:\/\/gsiplastic.com\/\",\"name\":\"GSI Global Service International srl\",\"description\":\"\",\"publisher\":{\"@id\":\"https:\/\/gsiplastic.com\/#organization\"},\"potentialAction\":[{\"@type\":\"SearchAction\",\"target\":{\"@type\":\"EntryPoint\",\"urlTemplate\":\"https:\/\/gsiplastic.com\/?s={search_term_string}\"},\"query-input\":\"required name=search_term_string\"}],\"inLanguage\":\"it-IT\"},{\"@type\":\"Organization\",\"@id\":\"https:\/\/gsiplastic.com\/#organization\",\"name\":\"GSI Global Service International srl\",\"url\":\"https:\/\/gsiplastic.com\/\",\"logo\":{\"@type\":\"ImageObject\",\"inLanguage\":\"it-IT\",\"@id\":\"https:\/\/gsiplastic.com\/#\/schema\/logo\/image\/\",\"url\":\"https:\/\/gsiplastic.com\/wp-content\/uploads\/2024\/03\/final_GSI_globe_blank-1.png\",\"contentUrl\":\"https:\/\/gsiplastic.com\/wp-content\/uploads\/2024\/03\/final_GSI_globe_blank-1.png\",\"width\":4584,\"height\":652,\"caption\":\"GSI Global Service International srl\"},\"image\":{\"@id\":\"https:\/\/gsiplastic.com\/#\/schema\/logo\/image\/\"}}]}<\/script>\n<!-- \/ Yoast SEO plugin. -->","yoast_head_json":{"title":"Economia circolare - GSI Global Service International srl","description":"L'economia circolare \u00e8 un modello virtuoso di produzione e consumo che implica il riutilizzo, la riparazione, il ricondizionamento ed il riciclo dei materiali e prodotti esistenti, il pi\u00f9 a lungo possibile. In questo modo si estende il ciclo di vita dei prodotti, contribuendo a ridurre i rifiuti al minimo e soprattutto si valorizza una risorsa che alternativamente andrebbe scartata ed incenerita.","robots":{"index":"index","follow":"follow","max-snippet":"max-snippet:-1","max-image-preview":"max-image-preview:large","max-video-preview":"max-video-preview:-1"},"canonical":"https:\/\/gsiplastic.com\/it\/economia-circolare\/","og_locale":"it_IT","og_type":"article","og_title":"Economia circolare - GSI Global Service International srl","og_description":"L'economia circolare \u00e8 un modello virtuoso di produzione e consumo che implica il riutilizzo, la riparazione, il ricondizionamento ed il riciclo dei materiali e prodotti esistenti, il pi\u00f9 a lungo possibile. In questo modo si estende il ciclo di vita dei prodotti, contribuendo a ridurre i rifiuti al minimo e soprattutto si valorizza una risorsa che alternativamente andrebbe scartata ed incenerita.","og_url":"https:\/\/gsiplastic.com\/it\/economia-circolare\/","og_site_name":"GSI Global Service International srl","article_modified_time":"2024-06-21T14:18:02+00:00","og_image":[{"url":"https:\/\/gsiplastic.com\/wp-content\/uploads\/2024\/06\/CircularEconomy.png"}],"twitter_card":"summary_large_image","twitter_misc":{"Tempo di lettura stimato":"2 minuti"},"schema":{"@context":"https:\/\/schema.org","@graph":[{"@type":"WebPage","@id":"https:\/\/gsiplastic.com\/it\/economia-circolare\/","url":"https:\/\/gsiplastic.com\/it\/economia-circolare\/","name":"Economia circolare - GSI Global Service International srl","isPartOf":{"@id":"https:\/\/gsiplastic.com\/#website"},"primaryImageOfPage":{"@id":"https:\/\/gsiplastic.com\/it\/economia-circolare\/#primaryimage"},"image":{"@id":"https:\/\/gsiplastic.com\/it\/economia-circolare\/#primaryimage"},"thumbnailUrl":"https:\/\/gsiplastic.com\/wp-content\/uploads\/2024\/06\/CircularEconomy.png","datePublished":"2024-04-09T08:06:56+00:00","dateModified":"2024-06-21T14:18:02+00:00","description":"L'economia circolare \u00e8 un modello virtuoso di produzione e consumo che implica il riutilizzo, la riparazione, il ricondizionamento ed il riciclo dei materiali e prodotti esistenti, il pi\u00f9 a lungo possibile. In questo modo si estende il ciclo di vita dei prodotti, contribuendo a ridurre i rifiuti al minimo e soprattutto si valorizza una risorsa che alternativamente andrebbe scartata ed incenerita.","breadcrumb":{"@id":"https:\/\/gsiplastic.com\/it\/economia-circolare\/#breadcrumb"},"inLanguage":"it-IT","potentialAction":[{"@type":"ReadAction","target":["https:\/\/gsiplastic.com\/it\/economia-circolare\/"]}]},{"@type":"ImageObject","inLanguage":"it-IT","@id":"https:\/\/gsiplastic.com\/it\/economia-circolare\/#primaryimage","url":"https:\/\/gsiplastic.com\/wp-content\/uploads\/2024\/06\/CircularEconomy.png","contentUrl":"https:\/\/gsiplastic.com\/wp-content\/uploads\/2024\/06\/CircularEconomy.png","width":2199,"height":2252},{"@type":"BreadcrumbList","@id":"https:\/\/gsiplastic.com\/it\/economia-circolare\/#breadcrumb","itemListElement":[{"@type":"ListItem","position":1,"name":"Home","item":"https:\/\/gsiplastic.com\/it\/"},{"@type":"ListItem","position":2,"name":"Economia circolare"}]},{"@type":"WebSite","@id":"https:\/\/gsiplastic.com\/#website","url":"https:\/\/gsiplastic.com\/","name":"GSI Global Service International srl","description":"","publisher":{"@id":"https:\/\/gsiplastic.com\/#organization"},"potentialAction":[{"@type":"SearchAction","target":{"@type":"EntryPoint","urlTemplate":"https:\/\/gsiplastic.com\/?s={search_term_string}"},"query-input":"required name=search_term_string"}],"inLanguage":"it-IT"},{"@type":"Organization","@id":"https:\/\/gsiplastic.com\/#organization","name":"GSI Global Service International srl","url":"https:\/\/gsiplastic.com\/","logo":{"@type":"ImageObject","inLanguage":"it-IT","@id":"https:\/\/gsiplastic.com\/#\/schema\/logo\/image\/","url":"https:\/\/gsiplastic.com\/wp-content\/uploads\/2024\/03\/final_GSI_globe_blank-1.png","contentUrl":"https:\/\/gsiplastic.com\/wp-content\/uploads\/2024\/03\/final_GSI_globe_blank-1.png","width":4584,"height":652,"caption":"GSI Global Service International srl"},"image":{"@id":"https:\/\/gsiplastic.com\/#\/schema\/logo\/image\/"}}]}},"_links":{"self":[{"href":"https:\/\/gsiplastic.com\/it\/wp-json\/wp\/v2\/pages\/3437","targetHints":{"allow":["GET"]}}],"collection":[{"href":"https:\/\/gsiplastic.com\/it\/wp-json\/wp\/v2\/pages"}],"about":[{"href":"https:\/\/gsiplastic.com\/it\/wp-json\/wp\/v2\/types\/page"}],"author":[{"embeddable":true,"href":"https:\/\/gsiplastic.com\/it\/wp-json\/wp\/v2\/users\/1"}],"replies":[{"embeddable":true,"href":"https:\/\/gsiplastic.com\/it\/wp-json\/wp\/v2\/comments?post=3437"}],"version-history":[{"count":15,"href":"https:\/\/gsiplastic.com\/it\/wp-json\/wp\/v2\/pages\/3437\/revisions"}],"predecessor-version":[{"id":3996,"href":"https:\/\/gsiplastic.com\/it\/wp-json\/wp\/v2\/pages\/3437\/revisions\/3996"}],"wp:attachment":[{"href":"https:\/\/gsiplastic.com\/it\/wp-json\/wp\/v2\/media?parent=3437"}],"curies":[{"name":"wp","href":"https:\/\/api.w.org\/{rel}","templated":true}]}}